{"id":144,"date":"2025-11-10T08:34:07","date_gmt":"2025-11-10T08:34:07","guid":{"rendered":"https:\/\/espace-entreprise.mediamatique.ch\/arti-stick\/?page_id=144"},"modified":"2025-11-25T14:44:37","modified_gmt":"2025-11-25T14:44:37","slug":"contact","status":"publish","type":"page","link":"https:\/\/espace-entreprise.mediamatique.ch\/arti-stick\/contact\/","title":{"rendered":"CONTACT"},"content":{"rendered":"\t\t<div data-elementor-type=\"wp-page\" data-elementor-id=\"144\" class=\"elementor elementor-144\" data-elementor-post-type=\"page\">\n\t\t\t\t<div class=\"elementor-element elementor-element-abfcf60 e-flex e-con-boxed e-con e-parent\" data-id=\"abfcf60\" data-element_type=\"container\" data-settings=\"{&quot;background_background&quot;:&quot;classic&quot;}\">\n\t\t\t\t\t<div class=\"e-con-inner\">\n\t\t\t\t<div class=\"elementor-element elementor-element-39e3ece elementor-widget elementor-widget-heading\" data-id=\"39e3ece\" data-element_type=\"widget\" data-widget_type=\"heading.default\">\n\t\t\t\t\t<h2 class=\"elementor-heading-title elementor-size-default\">Vous souhaitez commander des stickers personnalis\u00e9s ou vous avez des questions ? Contactez-nous.<\/h2>\t\t\t\t<\/div>\n\t\t\t\t<div class=\"elementor-element elementor-element-83633fa elementor-button-align-stretch elementor-widget elementor-widget-form\" data-id=\"83633fa\" data-element_type=\"widget\" data-settings=\"{&quot;button_width&quot;:&quot;20&quot;,&quot;step_next_label&quot;:&quot;Next&quot;,&quot;step_previous_label&quot;:&quot;Previous&quot;,&quot;step_type&quot;:&quot;number_text&quot;,&quot;step_icon_shape&quot;:&quot;circle&quot;}\" data-widget_type=\"form.default\">\n\t\t\t\t\t\t\t<form class=\"elementor-form\" method=\"post\" name=\"New Form\" aria-label=\"New Form\">\n\t\t\t<input type=\"hidden\" name=\"post_id\" value=\"144\"\/>\n\t\t\t<input type=\"hidden\" name=\"form_id\" value=\"83633fa\"\/>\n\t\t\t<input type=\"hidden\" name=\"referer_title\" value=\"CONTACT - Arti-Stick\" \/>\n\n\t\t\t\t\t\t\t<input type=\"hidden\" name=\"queried_id\" value=\"144\"\/>\n\t\t\t\n\t\t\t<div class=\"elementor-form-fields-wrapper elementor-labels-above\">\n\t\t\t\t\t\t\t\t<div class=\"elementor-field-type-text elementor-field-group elementor-column elementor-field-group-name elementor-col-100 elementor-field-required\">\n\t\t\t\t\t\t\t\t\t\t\t\t\t<input size=\"1\" type=\"text\" name=\"form_fields[name]\" id=\"form-field-name\" class=\"elementor-field elementor-size-md  elementor-field-textual\" placeholder=\"Votre nom\" required=\"required\">\n\t\t\t\t\t\t\t\t\t\t\t<\/div>\n\t\t\t\t\t\t\t\t<div class=\"elementor-field-type-email elementor-field-group elementor-column elementor-field-group-email elementor-col-100 elementor-field-required\">\n\t\t\t\t\t\t\t\t\t\t\t\t\t<input size=\"1\" type=\"email\" name=\"form_fields[email]\" id=\"form-field-email\" class=\"elementor-field elementor-size-md  elementor-field-textual\" placeholder=\"Adresse mail\" required=\"required\">\n\t\t\t\t\t\t\t\t\t\t\t<\/div>\n\t\t\t\t\t\t\t\t<div class=\"elementor-field-type-tel elementor-field-group elementor-column elementor-field-group-field_58b9e8f elementor-col-100\">\n\t\t\t\t\t\t\t<input size=\"1\" type=\"tel\" name=\"form_fields[field_58b9e8f]\" id=\"form-field-field_58b9e8f\" class=\"elementor-field elementor-size-md  elementor-field-textual\" placeholder=\"Num\u00e9ro de t\u00e9l\u00e9phone (facultatif)\" pattern=\"[0-9()#&amp;+*-=.]+\" title=\"Only numbers and phone characters (#, -, *, etc) are accepted.\">\n\n\t\t\t\t\t\t<\/div>\n\t\t\t\t\t\t\t\t<div class=\"elementor-field-type-textarea elementor-field-group elementor-column elementor-field-group-message elementor-col-100\">\n\t\t\t\t\t<textarea class=\"elementor-field-textual elementor-field  elementor-size-md\" name=\"form_fields[message]\" id=\"form-field-message\" rows=\"4\" placeholder=\"Message\"><\/textarea>\t\t\t\t<\/div>\n\t\t\t\t\t\t\t\t<div class=\"elementor-field-type-upload elementor-field-group elementor-column elementor-field-group-field_3e57905 elementor-col-100\">\n\t\t\t\t\t\t\t<input type=\"file\" name=\"form_fields[field_3e57905]\" id=\"form-field-field_3e57905\" class=\"elementor-field elementor-size-md  elementor-upload-field\" data-maxsize=\"10\" data-maxsize-message=\"This file exceeds the maximum allowed size.\">\n\n\t\t\t\t\t\t<\/div>\n\t\t\t\t\t\t\t\t<div class=\"elementor-field-type-acceptance elementor-field-group elementor-column elementor-field-group-field_aecd808 elementor-col-100 elementor-field-required\">\n\t\t\t\t\t\t\t<div class=\"elementor-field-subgroup\">\n\t\t\t<span class=\"elementor-field-option\">\n\t\t\t\t<input type=\"checkbox\" name=\"form_fields[field_aecd808]\" id=\"form-field-field_aecd808\" class=\"elementor-field elementor-size-md  elementor-acceptance-field\" required=\"required\">\n\t\t\t\t<label for=\"form-field-field_aecd808\">Vous affirmez avoir pris connaissance de nos Conditions g\u00e9n\u00e9rales d\u2019utilisation.<\/label>\t\t\t<\/span>\n\t\t<\/div>\n\t\t\t\t\t\t<\/div>\n\t\t\t\t\t\t\t\t<div class=\"elementor-field-group elementor-column elementor-field-type-submit elementor-col-20 e-form__buttons\">\n\t\t\t\t\t<button class=\"elementor-button elementor-size-lg\" type=\"submit\">\n\t\t\t\t\t\t<span class=\"elementor-button-content-wrapper\">\n\t\t\t\t\t\t\t\t\t\t\t\t\t\t\t\t\t\t\t\t\t\t<span class=\"elementor-button-text\">Envoyer<\/span>\n\t\t\t\t\t\t\t\t\t\t\t\t\t<\/span>\n\t\t\t\t\t<\/button>\n\t\t\t\t<\/div>\n\t\t\t<\/div>\n\t\t<\/form>\n\t\t\t\t\t\t<\/div>\n\t\t\t\t<div class=\"elementor-element elementor-element-168b493 elementor-widget elementor-widget-html\" data-id=\"168b493\" data-element_type=\"widget\" data-widget_type=\"html.default\">\n\t\t\t\t\t<script>\r\ndocument.addEventListener(\"DOMContentLoaded\", function () {\r\n    const uploadField = document.querySelector('#form-field-field_3e57905');\r\n\r\n    if(uploadField){\r\n        uploadField.addEventListener(\"change\", function(){\r\n            const container = this.closest('.elementor-field-type-upload');\r\n            const existing = container.querySelector('.upload-filename');\r\n\r\n            if(existing) existing.remove();\r\n\r\n            if(this.files.length > 0){\r\n                const fileName = this.files[0].name;\r\n\r\n                container.classList.add(\"file-added\");\r\n\r\n                const nameDisplay = document.createElement(\"div\");\r\n                nameDisplay.classList.add(\"upload-filename\");\r\n                nameDisplay.innerText = fileName;\r\n\r\n                container.appendChild(nameDisplay);\r\n            }\r\n        });\r\n    }\r\n});\r\n<\/script>\r\n\t\t\t\t<\/div>\n\t\t\t\t\t<\/div>\n\t\t\t\t<\/div>\n\t\t<div class=\"elementor-element elementor-element-5ffac12 e-flex e-con-boxed e-con e-parent\" data-id=\"5ffac12\" data-element_type=\"container\">\n\t\t\t\t\t<div class=\"e-con-inner\">\n\t\t\t\t\t<\/div>\n\t\t\t\t<\/div>\n\t\t\t\t<\/div>\n\t\t","protected":false},"excerpt":{"rendered":"<p>Vous souhaitez commander des stickers personnalis\u00e9s ou vous avez des questions ? Contactez-nous.<\/p>\n","protected":false},"author":1,"featured_media":0,"parent":0,"menu_order":0,"comment_status":"closed","ping_status":"closed","template":"","meta":{"footnotes":""},"class_list":["post-144","page","type-page","status-publish","hentry"],"yoast_head":"<!-- This site is optimized with the Yoast SEO plugin v26.2 - https:\/\/yoast.com\/wordpress\/plugins\/seo\/ -->\n<title>CONTACT - Arti-Stick<\/title>\n<meta name=\"robots\" content=\"index, follow, max-snippet:-1, max-image-preview:large, max-video-preview:-1\" \/>\n<link rel=\"canonical\" href=\"https:\/\/espace-entreprise.mediamatique.ch\/arti-stick\/contact\/\" \/>\n<meta property=\"og:locale\" content=\"en_US\" \/>\n<meta property=\"og:type\" content=\"article\" \/>\n<meta property=\"og:title\" content=\"CONTACT - Arti-Stick\" \/>\n<meta property=\"og:description\" content=\"Vous souhaitez commander des stickers personnalis\u00e9s ou vous avez des questions ? Contactez-nous.\" \/>\n<meta property=\"og:url\" content=\"https:\/\/espace-entreprise.mediamatique.ch\/arti-stick\/contact\/\" \/>\n<meta property=\"og:site_name\" content=\"Arti-Stick\" \/>\n<meta property=\"article:modified_time\" content=\"2025-11-25T14:44:37+00:00\" \/>\n<meta name=\"twitter:card\" content=\"summary_large_image\" \/>\n<meta name=\"twitter:label1\" content=\"Est. reading time\" \/>\n\t<meta name=\"twitter:data1\" content=\"1 minute\" \/>\n<script type=\"application\/ld+json\" class=\"yoast-schema-graph\">{\"@context\":\"https:\/\/schema.org\",\"@graph\":[{\"@type\":\"WebPage\",\"@id\":\"https:\/\/espace-entreprise.mediamatique.ch\/arti-stick\/contact\/\",\"url\":\"https:\/\/espace-entreprise.mediamatique.ch\/arti-stick\/contact\/\",\"name\":\"CONTACT - Arti-Stick\",\"isPartOf\":{\"@id\":\"https:\/\/espace-entreprise.mediamatique.ch\/arti-stick\/#website\"},\"datePublished\":\"2025-11-10T08:34:07+00:00\",\"dateModified\":\"2025-11-25T14:44:37+00:00\",\"breadcrumb\":{\"@id\":\"https:\/\/espace-entreprise.mediamatique.ch\/arti-stick\/contact\/#breadcrumb\"},\"inLanguage\":\"en-US\",\"potentialAction\":[{\"@type\":\"ReadAction\",\"target\":[\"https:\/\/espace-entreprise.mediamatique.ch\/arti-stick\/contact\/\"]}]},{\"@type\":\"BreadcrumbList\",\"@id\":\"https:\/\/espace-entreprise.mediamatique.ch\/arti-stick\/contact\/#breadcrumb\",\"itemListElement\":[{\"@type\":\"ListItem\",\"position\":1,\"name\":\"Home\",\"item\":\"https:\/\/espace-entreprise.mediamatique.ch\/arti-stick\/\"},{\"@type\":\"ListItem\",\"position\":2,\"name\":\"CONTACT\"}]},{\"@type\":\"WebSite\",\"@id\":\"https:\/\/espace-entreprise.mediamatique.ch\/arti-stick\/#website\",\"url\":\"https:\/\/espace-entreprise.mediamatique.ch\/arti-stick\/\",\"name\":\"Arti-Stick\",\"description\":\"\",\"publisher\":{\"@id\":\"https:\/\/espace-entreprise.mediamatique.ch\/arti-stick\/#organization\"},\"potentialAction\":[{\"@type\":\"SearchAction\",\"target\":{\"@type\":\"EntryPoint\",\"urlTemplate\":\"https:\/\/espace-entreprise.mediamatique.ch\/arti-stick\/?s={search_term_string}\"},\"query-input\":{\"@type\":\"PropertyValueSpecification\",\"valueRequired\":true,\"valueName\":\"search_term_string\"}}],\"inLanguage\":\"en-US\"},{\"@type\":\"Organization\",\"@id\":\"https:\/\/espace-entreprise.mediamatique.ch\/arti-stick\/#organization\",\"name\":\"Arti-Stick\",\"url\":\"https:\/\/espace-entreprise.mediamatique.ch\/arti-stick\/\",\"logo\":{\"@type\":\"ImageObject\",\"inLanguage\":\"en-US\",\"@id\":\"https:\/\/espace-entreprise.mediamatique.ch\/arti-stick\/#\/schema\/logo\/image\/\",\"url\":\"https:\/\/espace-entreprise.mediamatique.ch\/arti-stick\/wp-content\/uploads\/2025\/10\/Arti-Sticks-LOGO-1.png\",\"contentUrl\":\"https:\/\/espace-entreprise.mediamatique.ch\/arti-stick\/wp-content\/uploads\/2025\/10\/Arti-Sticks-LOGO-1.png\",\"width\":625,\"height\":204,\"caption\":\"Arti-Stick\"},\"image\":{\"@id\":\"https:\/\/espace-entreprise.mediamatique.ch\/arti-stick\/#\/schema\/logo\/image\/\"},\"sameAs\":[\"https:\/\/www.instagram.com\/arti__stick\/\"]}]}<\/script>\n<!-- \/ Yoast SEO plugin. -->","yoast_head_json":{"title":"CONTACT - Arti-Stick","robots":{"index":"index","follow":"follow","max-snippet":"max-snippet:-1","max-image-preview":"max-image-preview:large","max-video-preview":"max-video-preview:-1"},"canonical":"https:\/\/espace-entreprise.mediamatique.ch\/arti-stick\/contact\/","og_locale":"en_US","og_type":"article","og_title":"CONTACT - Arti-Stick","og_description":"Vous souhaitez commander des stickers personnalis\u00e9s ou vous avez des questions ? Contactez-nous.","og_url":"https:\/\/espace-entreprise.mediamatique.ch\/arti-stick\/contact\/","og_site_name":"Arti-Stick","article_modified_time":"2025-11-25T14:44:37+00:00","twitter_card":"summary_large_image","twitter_misc":{"Est. reading time":"1 minute"},"schema":{"@context":"https:\/\/schema.org","@graph":[{"@type":"WebPage","@id":"https:\/\/espace-entreprise.mediamatique.ch\/arti-stick\/contact\/","url":"https:\/\/espace-entreprise.mediamatique.ch\/arti-stick\/contact\/","name":"CONTACT - Arti-Stick","isPartOf":{"@id":"https:\/\/espace-entreprise.mediamatique.ch\/arti-stick\/#website"},"datePublished":"2025-11-10T08:34:07+00:00","dateModified":"2025-11-25T14:44:37+00:00","breadcrumb":{"@id":"https:\/\/espace-entreprise.mediamatique.ch\/arti-stick\/contact\/#breadcrumb"},"inLanguage":"en-US","potentialAction":[{"@type":"ReadAction","target":["https:\/\/espace-entreprise.mediamatique.ch\/arti-stick\/contact\/"]}]},{"@type":"BreadcrumbList","@id":"https:\/\/espace-entreprise.mediamatique.ch\/arti-stick\/contact\/#breadcrumb","itemListElement":[{"@type":"ListItem","position":1,"name":"Home","item":"https:\/\/espace-entreprise.mediamatique.ch\/arti-stick\/"},{"@type":"ListItem","position":2,"name":"CONTACT"}]},{"@type":"WebSite","@id":"https:\/\/espace-entreprise.mediamatique.ch\/arti-stick\/#website","url":"https:\/\/espace-entreprise.mediamatique.ch\/arti-stick\/","name":"Arti-Stick","description":"","publisher":{"@id":"https:\/\/espace-entreprise.mediamatique.ch\/arti-stick\/#organization"},"potentialAction":[{"@type":"SearchAction","target":{"@type":"EntryPoint","urlTemplate":"https:\/\/espace-entreprise.mediamatique.ch\/arti-stick\/?s={search_term_string}"},"query-input":{"@type":"PropertyValueSpecification","valueRequired":true,"valueName":"search_term_string"}}],"inLanguage":"en-US"},{"@type":"Organization","@id":"https:\/\/espace-entreprise.mediamatique.ch\/arti-stick\/#organization","name":"Arti-Stick","url":"https:\/\/espace-entreprise.mediamatique.ch\/arti-stick\/","logo":{"@type":"ImageObject","inLanguage":"en-US","@id":"https:\/\/espace-entreprise.mediamatique.ch\/arti-stick\/#\/schema\/logo\/image\/","url":"https:\/\/espace-entreprise.mediamatique.ch\/arti-stick\/wp-content\/uploads\/2025\/10\/Arti-Sticks-LOGO-1.png","contentUrl":"https:\/\/espace-entreprise.mediamatique.ch\/arti-stick\/wp-content\/uploads\/2025\/10\/Arti-Sticks-LOGO-1.png","width":625,"height":204,"caption":"Arti-Stick"},"image":{"@id":"https:\/\/espace-entreprise.mediamatique.ch\/arti-stick\/#\/schema\/logo\/image\/"},"sameAs":["https:\/\/www.instagram.com\/arti__stick\/"]}]}},"_links":{"self":[{"href":"https:\/\/espace-entreprise.mediamatique.ch\/arti-stick\/wp-json\/wp\/v2\/pages\/144","targetHints":{"allow":["GET"]}}],"collection":[{"href":"https:\/\/espace-entreprise.mediamatique.ch\/arti-stick\/wp-json\/wp\/v2\/pages"}],"about":[{"href":"https:\/\/espace-entreprise.mediamatique.ch\/arti-stick\/wp-json\/wp\/v2\/types\/page"}],"author":[{"embeddable":true,"href":"https:\/\/espace-entreprise.mediamatique.ch\/arti-stick\/wp-json\/wp\/v2\/users\/1"}],"replies":[{"embeddable":true,"href":"https:\/\/espace-entreprise.mediamatique.ch\/arti-stick\/wp-json\/wp\/v2\/comments?post=144"}],"version-history":[{"count":76,"href":"https:\/\/espace-entreprise.mediamatique.ch\/arti-stick\/wp-json\/wp\/v2\/pages\/144\/revisions"}],"predecessor-version":[{"id":875,"href":"https:\/\/espace-entreprise.mediamatique.ch\/arti-stick\/wp-json\/wp\/v2\/pages\/144\/revisions\/875"}],"wp:attachment":[{"href":"https:\/\/espace-entreprise.mediamatique.ch\/arti-stick\/wp-json\/wp\/v2\/media?parent=144"}],"curies":[{"name":"wp","href":"https:\/\/api.w.org\/{rel}","templated":true}]}}