{"id":139,"date":"2025-11-10T08:33:50","date_gmt":"2025-11-10T08:33:50","guid":{"rendered":"https:\/\/espace-entreprise.mediamatique.ch\/arti-stick\/?page_id=139"},"modified":"2025-11-25T08:43:29","modified_gmt":"2025-11-25T08:43:29","slug":"commande","status":"publish","type":"page","link":"https:\/\/espace-entreprise.mediamatique.ch\/arti-stick\/commande\/","title":{"rendered":"COMMANDE"},"content":{"rendered":"\t\t<div data-elementor-type=\"wp-page\" data-elementor-id=\"139\" class=\"elementor elementor-139\" data-elementor-post-type=\"page\">\n\t\t\t\t<div class=\"elementor-element elementor-element-1262b57c e-flex e-con-boxed e-con e-parent\" data-id=\"1262b57c\" data-element_type=\"container\" data-settings=\"{&quot;background_background&quot;:&quot;classic&quot;}\">\n\t\t\t\t\t<div class=\"e-con-inner\">\n\t\t<div class=\"elementor-element elementor-element-3a049e41 e-flex e-con-boxed e-con e-child\" data-id=\"3a049e41\" data-element_type=\"container\">\n\t\t\t\t\t<div class=\"e-con-inner\">\n\t\t<div class=\"elementor-element elementor-element-148a9bf6 e-con-full e-flex e-con e-child\" data-id=\"148a9bf6\" data-element_type=\"container\">\n\t\t\t\t<div class=\"elementor-element elementor-element-694b3d06 animated-slow elementor-invisible elementor-widget elementor-widget-heading\" data-id=\"694b3d06\" data-element_type=\"widget\" data-settings=\"{&quot;_animation&quot;:&quot;slideInUp&quot;}\" data-widget_type=\"heading.default\">\n\t\t\t\t\t<h2 class=\"elementor-heading-title elementor-size-default\">La page est toujours en maintenance !<\/h2>\t\t\t\t<\/div>\n\t\t\t\t<div class=\"elementor-element elementor-element-5a42a7f5 elementor-widget elementor-widget-text-editor\" data-id=\"5a42a7f5\" data-element_type=\"widget\" data-widget_type=\"text-editor.default\">\n\t\t\t\t\t\t\t\t\t<p>Pendant la maintenance, il est impossible de passer des commandes !<\/p><p>Abonnez-vous \u00e0 notre newsletter pour \u00eatre tenu au courant des mises \u00e0 jour.<\/p>\t\t\t\t\t\t\t\t<\/div>\n\t\t\t\t<\/div>\n\t\t\t\t<div class=\"elementor-element elementor-element-e17e39b elementor-widget__width-initial elementor-widget elementor-widget-shortcode\" data-id=\"e17e39b\" data-element_type=\"widget\" data-widget_type=\"shortcode.default\">\n\t\t\t\t\t\t\t<div class=\"elementor-shortcode\"><div class=\"tnp tnp-subscription \">\n<form method=\"post\" action=\"https:\/\/espace-entreprise.mediamatique.ch\/arti-stick\/wp-admin\/admin-ajax.php?action=tnp&amp;na=s\">\n<input type=\"hidden\" name=\"nlang\" value=\"\">\n<div class=\"tnp-field tnp-field-firstname\"><label for=\"tnp-1\">First name<\/label>\n<input class=\"tnp-name\" type=\"text\" name=\"nn\" id=\"tnp-1\" value=\"\" placeholder=\"\"><\/div>\n<div class=\"tnp-field tnp-field-email\"><label for=\"tnp-2\">Email<\/label>\n<input class=\"tnp-email\" type=\"email\" name=\"ne\" id=\"tnp-2\" value=\"\" placeholder=\"\" required><\/div>\n<div class=\"tnp-field tnp-privacy-field\"><label><input type=\"checkbox\" name=\"ny\" required class=\"tnp-privacy\"> <a target=\"_blank\" href=\"https:\/\/espace-entreprise.mediamatique.ch\/arti-stick\/politique-de-confidalite\">Vous affirmez avoir pris connaissance de notre Politique de Confidentialit\u00e9. <\/a><\/label><\/div><div class=\"tnp-field tnp-field-button\" style=\"text-align: left\"><input class=\"tnp-submit\" type=\"submit\" value=\"Subscribe\" style=\"\">\n<\/div>\n<\/form>\n<\/div>\n<\/div>\n\t\t\t\t\t\t<\/div>\n\t\t\t\t\t<\/div>\n\t\t\t\t<\/div>\n\t\t\t\t\t<\/div>\n\t\t\t\t<\/div>\n\t\t<div class=\"elementor-element elementor-element-ab7ec9b e-flex e-con-boxed e-con e-parent\" data-id=\"ab7ec9b\" data-element_type=\"container\">\n\t\t\t\t\t<div class=\"e-con-inner\">\n\t\t\t\t<div class=\"elementor-element elementor-element-810553b elementor-grid-3 elementor-grid-tablet-3 elementor-grid-mobile-2 elementor-products-grid elementor-wc-products elementor-widget elementor-widget-woocommerce-products\" data-id=\"810553b\" data-element_type=\"widget\" data-widget_type=\"woocommerce-products.default\">\n\t\t\t\t<div class=\"elementor-widget-container\">\n\t\t\t\t\t<div class=\"woocommerce columns-3 \"><ul class=\"products elementor-grid columns-3\">\n<li class=\"product type-product post-811 status-publish first instock product_cat-uncategorized has-post-thumbnail sale shipping-taxable purchasable product-type-simple\">\n\t<a href=\"https:\/\/espace-entreprise.mediamatique.ch\/arti-stick\/product\/cartes\/\" class=\"woocommerce-LoopProduct-link woocommerce-loop-product__link\">\n\t<span class=\"onsale\">Sale!<\/span>\n\t<img fetchpriority=\"high\" decoding=\"async\" width=\"300\" height=\"300\" src=\"https:\/\/espace-entreprise.mediamatique.ch\/arti-stick\/wp-content\/uploads\/2025\/11\/cartes-300x300.png\" class=\"attachment-woocommerce_thumbnail size-woocommerce_thumbnail\" alt=\"Cartes\" srcset=\"https:\/\/espace-entreprise.mediamatique.ch\/arti-stick\/wp-content\/uploads\/2025\/11\/cartes-300x300.png 300w, https:\/\/espace-entreprise.mediamatique.ch\/arti-stick\/wp-content\/uploads\/2025\/11\/cartes-150x150.png 150w, https:\/\/espace-entreprise.mediamatique.ch\/arti-stick\/wp-content\/uploads\/2025\/11\/cartes-100x100.png 100w\" sizes=\"(max-width: 300px) 100vw, 300px\" \/><h2 class=\"woocommerce-loop-product__title\">Cartes<\/h2>\n\t<span class=\"price\"><del aria-hidden=\"true\"><span class=\"woocommerce-Price-amount amount\"><bdi><span class=\"woocommerce-Price-currencySymbol\">&#67;&#72;&#70;<\/span>&nbsp;3.00<\/bdi><\/span><\/del> <span class=\"screen-reader-text\">Original price was: &#067;&#072;&#070;&nbsp;3.00.<\/span><ins aria-hidden=\"true\"><span class=\"woocommerce-Price-amount amount\"><bdi><span class=\"woocommerce-Price-currencySymbol\">&#67;&#72;&#70;<\/span>&nbsp;1.00<\/bdi><\/span><\/ins><span class=\"screen-reader-text\">Current price is: &#067;&#072;&#070;&nbsp;1.00.<\/span><\/span>\n<\/a><a href=\"\/arti-stick\/wp-json\/wp\/v2\/pages\/139?add-to-cart=811\" aria-describedby=\"woocommerce_loop_add_to_cart_link_describedby_811\" data-quantity=\"1\" class=\"button product_type_simple add_to_cart_button ajax_add_to_cart\" data-product_id=\"811\" data-product_sku=\"\" aria-label=\"Add to cart: &ldquo;Cartes&rdquo;\" rel=\"nofollow\" data-success_message=\"&ldquo;Cartes&rdquo; has been added to your cart\" role=\"button\">Add to cart<\/a>\t<span id=\"woocommerce_loop_add_to_cart_link_describedby_811\" class=\"screen-reader-text\">\n\t\t\t<\/span>\n<\/li>\n<li class=\"product type-product post-365 status-publish instock product_cat-uncategorized has-post-thumbnail sale shipping-taxable purchasable product-type-simple\">\n\t<a href=\"https:\/\/espace-entreprise.mediamatique.ch\/arti-stick\/product\/pack-cryptique\/\" class=\"woocommerce-LoopProduct-link woocommerce-loop-product__link\">\n\t<span class=\"onsale\">Sale!<\/span>\n\t<img decoding=\"async\" width=\"300\" height=\"300\" src=\"https:\/\/espace-entreprise.mediamatique.ch\/arti-stick\/wp-content\/uploads\/2025\/11\/pack-cryptique-300x300.png\" class=\"attachment-woocommerce_thumbnail size-woocommerce_thumbnail\" alt=\"Pack - Cryptique\" srcset=\"https:\/\/espace-entreprise.mediamatique.ch\/arti-stick\/wp-content\/uploads\/2025\/11\/pack-cryptique-300x300.png 300w, https:\/\/espace-entreprise.mediamatique.ch\/arti-stick\/wp-content\/uploads\/2025\/11\/pack-cryptique-150x150.png 150w, https:\/\/espace-entreprise.mediamatique.ch\/arti-stick\/wp-content\/uploads\/2025\/11\/pack-cryptique-100x100.png 100w\" sizes=\"(max-width: 300px) 100vw, 300px\" \/><h2 class=\"woocommerce-loop-product__title\">Pack &#8211; Cryptique<\/h2>\n\t<span class=\"price\"><del aria-hidden=\"true\"><span class=\"woocommerce-Price-amount amount\"><bdi><span class=\"woocommerce-Price-currencySymbol\">&#67;&#72;&#70;<\/span>&nbsp;15.00<\/bdi><\/span><\/del> <span class=\"screen-reader-text\">Original price was: &#067;&#072;&#070;&nbsp;15.00.<\/span><ins aria-hidden=\"true\"><span class=\"woocommerce-Price-amount amount\"><bdi><span class=\"woocommerce-Price-currencySymbol\">&#67;&#72;&#70;<\/span>&nbsp;7.00<\/bdi><\/span><\/ins><span class=\"screen-reader-text\">Current price is: &#067;&#072;&#070;&nbsp;7.00.<\/span><\/span>\n<\/a><a href=\"\/arti-stick\/wp-json\/wp\/v2\/pages\/139?add-to-cart=365\" aria-describedby=\"woocommerce_loop_add_to_cart_link_describedby_365\" data-quantity=\"1\" class=\"button product_type_simple add_to_cart_button ajax_add_to_cart\" data-product_id=\"365\" data-product_sku=\"\" aria-label=\"Add to cart: &ldquo;Pack - Cryptique&rdquo;\" rel=\"nofollow\" data-success_message=\"&ldquo;Pack - Cryptique&rdquo; has been added to your cart\" role=\"button\">Add to cart<\/a>\t<span id=\"woocommerce_loop_add_to_cart_link_describedby_365\" class=\"screen-reader-text\">\n\t\t\t<\/span>\n<\/li>\n<li class=\"product type-product post-237 status-publish last instock product_cat-uncategorized has-post-thumbnail sale shipping-taxable purchasable product-type-simple\">\n\t<a href=\"https:\/\/espace-entreprise.mediamatique.ch\/arti-stick\/product\/pack-technologies\/\" class=\"woocommerce-LoopProduct-link woocommerce-loop-product__link\">\n\t<span class=\"onsale\">Sale!<\/span>\n\t<img decoding=\"async\" width=\"300\" height=\"300\" src=\"https:\/\/espace-entreprise.mediamatique.ch\/arti-stick\/wp-content\/uploads\/2025\/11\/pack-technologie-300x300.png\" class=\"attachment-woocommerce_thumbnail size-woocommerce_thumbnail\" alt=\"Pack - Pop Culture\" srcset=\"https:\/\/espace-entreprise.mediamatique.ch\/arti-stick\/wp-content\/uploads\/2025\/11\/pack-technologie-300x300.png 300w, https:\/\/espace-entreprise.mediamatique.ch\/arti-stick\/wp-content\/uploads\/2025\/11\/pack-technologie-150x150.png 150w, https:\/\/espace-entreprise.mediamatique.ch\/arti-stick\/wp-content\/uploads\/2025\/11\/pack-technologie-100x100.png 100w\" sizes=\"(max-width: 300px) 100vw, 300px\" \/><h2 class=\"woocommerce-loop-product__title\">Pack &#8211; Pop Culture<\/h2>\n\t<span class=\"price\"><del aria-hidden=\"true\"><span class=\"woocommerce-Price-amount amount\"><bdi><span class=\"woocommerce-Price-currencySymbol\">&#67;&#72;&#70;<\/span>&nbsp;15.00<\/bdi><\/span><\/del> <span class=\"screen-reader-text\">Original price was: &#067;&#072;&#070;&nbsp;15.00.<\/span><ins aria-hidden=\"true\"><span class=\"woocommerce-Price-amount amount\"><bdi><span class=\"woocommerce-Price-currencySymbol\">&#67;&#72;&#70;<\/span>&nbsp;7.00<\/bdi><\/span><\/ins><span class=\"screen-reader-text\">Current price is: &#067;&#072;&#070;&nbsp;7.00.<\/span><\/span>\n<\/a><a href=\"\/arti-stick\/wp-json\/wp\/v2\/pages\/139?add-to-cart=237\" aria-describedby=\"woocommerce_loop_add_to_cart_link_describedby_237\" data-quantity=\"1\" class=\"button product_type_simple add_to_cart_button ajax_add_to_cart\" data-product_id=\"237\" data-product_sku=\"\" aria-label=\"Add to cart: &ldquo;Pack - Pop Culture&rdquo;\" rel=\"nofollow\" data-success_message=\"&ldquo;Pack - Pop Culture&rdquo; has been added to your cart\" role=\"button\">Add to cart<\/a>\t<span id=\"woocommerce_loop_add_to_cart_link_describedby_237\" class=\"screen-reader-text\">\n\t\t\t<\/span>\n<\/li>\n<li class=\"product type-product post-235 status-publish first instock product_cat-uncategorized has-post-thumbnail sale shipping-taxable purchasable product-type-simple\">\n\t<a href=\"https:\/\/espace-entreprise.mediamatique.ch\/arti-stick\/product\/pack-animaux\/\" class=\"woocommerce-LoopProduct-link woocommerce-loop-product__link\">\n\t<span class=\"onsale\">Sale!<\/span>\n\t<img loading=\"lazy\" decoding=\"async\" width=\"300\" height=\"300\" src=\"https:\/\/espace-entreprise.mediamatique.ch\/arti-stick\/wp-content\/uploads\/2025\/11\/pack-animaux-300x300.png\" class=\"attachment-woocommerce_thumbnail size-woocommerce_thumbnail\" alt=\"Pack - Animaux\" srcset=\"https:\/\/espace-entreprise.mediamatique.ch\/arti-stick\/wp-content\/uploads\/2025\/11\/pack-animaux-300x300.png 300w, https:\/\/espace-entreprise.mediamatique.ch\/arti-stick\/wp-content\/uploads\/2025\/11\/pack-animaux-150x150.png 150w, https:\/\/espace-entreprise.mediamatique.ch\/arti-stick\/wp-content\/uploads\/2025\/11\/pack-animaux-100x100.png 100w\" sizes=\"(max-width: 300px) 100vw, 300px\" \/><h2 class=\"woocommerce-loop-product__title\">Pack &#8211; Animaux<\/h2>\n\t<span class=\"price\"><del aria-hidden=\"true\"><span class=\"woocommerce-Price-amount amount\"><bdi><span class=\"woocommerce-Price-currencySymbol\">&#67;&#72;&#70;<\/span>&nbsp;15.00<\/bdi><\/span><\/del> <span class=\"screen-reader-text\">Original price was: &#067;&#072;&#070;&nbsp;15.00.<\/span><ins aria-hidden=\"true\"><span class=\"woocommerce-Price-amount amount\"><bdi><span class=\"woocommerce-Price-currencySymbol\">&#67;&#72;&#70;<\/span>&nbsp;7.00<\/bdi><\/span><\/ins><span class=\"screen-reader-text\">Current price is: &#067;&#072;&#070;&nbsp;7.00.<\/span><\/span>\n<\/a><a href=\"\/arti-stick\/wp-json\/wp\/v2\/pages\/139?add-to-cart=235\" aria-describedby=\"woocommerce_loop_add_to_cart_link_describedby_235\" data-quantity=\"1\" class=\"button product_type_simple add_to_cart_button ajax_add_to_cart\" data-product_id=\"235\" data-product_sku=\"\" aria-label=\"Add to cart: &ldquo;Pack - Animaux&rdquo;\" rel=\"nofollow\" data-success_message=\"&ldquo;Pack - Animaux&rdquo; has been added to your cart\" role=\"button\">Add to cart<\/a>\t<span id=\"woocommerce_loop_add_to_cart_link_describedby_235\" class=\"screen-reader-text\">\n\t\t\t<\/span>\n<\/li>\n<li class=\"product type-product post-233 status-publish instock product_cat-uncategorized has-post-thumbnail sale shipping-taxable purchasable product-type-simple\">\n\t<a href=\"https:\/\/espace-entreprise.mediamatique.ch\/arti-stick\/product\/pack-egypte\/\" class=\"woocommerce-LoopProduct-link woocommerce-loop-product__link\">\n\t<span class=\"onsale\">Sale!<\/span>\n\t<img loading=\"lazy\" decoding=\"async\" width=\"300\" height=\"300\" src=\"https:\/\/espace-entreprise.mediamatique.ch\/arti-stick\/wp-content\/uploads\/2025\/11\/pack-egypte-300x300.png\" class=\"attachment-woocommerce_thumbnail size-woocommerce_thumbnail\" alt=\"Pack - Egypte\" srcset=\"https:\/\/espace-entreprise.mediamatique.ch\/arti-stick\/wp-content\/uploads\/2025\/11\/pack-egypte-300x300.png 300w, https:\/\/espace-entreprise.mediamatique.ch\/arti-stick\/wp-content\/uploads\/2025\/11\/pack-egypte-150x150.png 150w, https:\/\/espace-entreprise.mediamatique.ch\/arti-stick\/wp-content\/uploads\/2025\/11\/pack-egypte-100x100.png 100w\" sizes=\"(max-width: 300px) 100vw, 300px\" \/><h2 class=\"woocommerce-loop-product__title\">Pack &#8211; Egypte<\/h2>\n\t<span class=\"price\"><del aria-hidden=\"true\"><span class=\"woocommerce-Price-amount amount\"><bdi><span class=\"woocommerce-Price-currencySymbol\">&#67;&#72;&#70;<\/span>&nbsp;15.00<\/bdi><\/span><\/del> <span class=\"screen-reader-text\">Original price was: &#067;&#072;&#070;&nbsp;15.00.<\/span><ins aria-hidden=\"true\"><span class=\"woocommerce-Price-amount amount\"><bdi><span class=\"woocommerce-Price-currencySymbol\">&#67;&#72;&#70;<\/span>&nbsp;7.00<\/bdi><\/span><\/ins><span class=\"screen-reader-text\">Current price is: &#067;&#072;&#070;&nbsp;7.00.<\/span><\/span>\n<\/a><a href=\"\/arti-stick\/wp-json\/wp\/v2\/pages\/139?add-to-cart=233\" aria-describedby=\"woocommerce_loop_add_to_cart_link_describedby_233\" data-quantity=\"1\" class=\"button product_type_simple add_to_cart_button ajax_add_to_cart\" data-product_id=\"233\" data-product_sku=\"\" aria-label=\"Add to cart: &ldquo;Pack - Egypte&rdquo;\" rel=\"nofollow\" data-success_message=\"&ldquo;Pack - Egypte&rdquo; has been added to your cart\" role=\"button\">Add to cart<\/a>\t<span id=\"woocommerce_loop_add_to_cart_link_describedby_233\" class=\"screen-reader-text\">\n\t\t\t<\/span>\n<\/li>\n<li class=\"product type-product post-232 status-publish last instock product_cat-uncategorized has-post-thumbnail sale shipping-taxable purchasable product-type-simple\">\n\t<a href=\"https:\/\/espace-entreprise.mediamatique.ch\/arti-stick\/product\/stickers\/\" class=\"woocommerce-LoopProduct-link woocommerce-loop-product__link\">\n\t<span class=\"onsale\">Sale!<\/span>\n\t<img loading=\"lazy\" decoding=\"async\" width=\"300\" height=\"300\" src=\"https:\/\/espace-entreprise.mediamatique.ch\/arti-stick\/wp-content\/uploads\/2025\/11\/fish-300x300.png\" class=\"attachment-woocommerce_thumbnail size-woocommerce_thumbnail\" alt=\"Stickers\" srcset=\"https:\/\/espace-entreprise.mediamatique.ch\/arti-stick\/wp-content\/uploads\/2025\/11\/fish-300x300.png 300w, https:\/\/espace-entreprise.mediamatique.ch\/arti-stick\/wp-content\/uploads\/2025\/11\/fish-150x150.png 150w\" sizes=\"(max-width: 300px) 100vw, 300px\" \/><h2 class=\"woocommerce-loop-product__title\">Stickers<\/h2>\n\t<span class=\"price\"><del aria-hidden=\"true\"><span class=\"woocommerce-Price-amount amount\"><bdi><span class=\"woocommerce-Price-currencySymbol\">&#67;&#72;&#70;<\/span>&nbsp;2.50<\/bdi><\/span><\/del> <span class=\"screen-reader-text\">Original price was: &#067;&#072;&#070;&nbsp;2.50.<\/span><ins aria-hidden=\"true\"><span class=\"woocommerce-Price-amount amount\"><bdi><span class=\"woocommerce-Price-currencySymbol\">&#67;&#72;&#70;<\/span>&nbsp;1.50<\/bdi><\/span><\/ins><span class=\"screen-reader-text\">Current price is: &#067;&#072;&#070;&nbsp;1.50.<\/span><\/span>\n<\/a><a href=\"\/arti-stick\/wp-json\/wp\/v2\/pages\/139?add-to-cart=232\" aria-describedby=\"woocommerce_loop_add_to_cart_link_describedby_232\" data-quantity=\"1\" class=\"button product_type_simple add_to_cart_button ajax_add_to_cart\" data-product_id=\"232\" data-product_sku=\"\" aria-label=\"Add to cart: &ldquo;Stickers&rdquo;\" rel=\"nofollow\" data-success_message=\"&ldquo;Stickers&rdquo; has been added to your cart\" role=\"button\">Add to cart<\/a>\t<span id=\"woocommerce_loop_add_to_cart_link_describedby_232\" class=\"screen-reader-text\">\n\t\t\t<\/span>\n<\/li>\n<\/ul>\n<\/div>\t\t\t\t<\/div>\n\t\t\t\t<\/div>\n\t\t\t\t\t<\/div>\n\t\t\t\t<\/div>\n\t\t\t\t<\/div>\n\t\t","protected":false},"excerpt":{"rendered":"<p>La page est toujours en maintenance ! Pendant la maintenance, il est impossible de passer des commandes ! Abonnez-vous \u00e0 notre newsletter pour \u00eatre tenu au courant des mises \u00e0 jour.<\/p>\n","protected":false},"author":1,"featured_media":0,"parent":0,"menu_order":0,"comment_status":"closed","ping_status":"closed","template":"","meta":{"footnotes":""},"class_list":["post-139","page","type-page","status-publish","hentry"],"yoast_head":"<!-- This site is optimized with the Yoast SEO plugin v26.2 - https:\/\/yoast.com\/wordpress\/plugins\/seo\/ -->\n<title>COMMANDE - Arti-Stick<\/title>\n<meta name=\"robots\" content=\"index, follow, max-snippet:-1, max-image-preview:large, max-video-preview:-1\" \/>\n<link rel=\"canonical\" href=\"https:\/\/espace-entreprise.mediamatique.ch\/arti-stick\/commande\/\" \/>\n<meta property=\"og:locale\" content=\"en_US\" \/>\n<meta property=\"og:type\" content=\"article\" \/>\n<meta property=\"og:title\" content=\"COMMANDE - Arti-Stick\" \/>\n<meta property=\"og:description\" content=\"La page est toujours en maintenance ! Pendant la maintenance, il est impossible de passer des commandes ! Abonnez-vous \u00e0 notre newsletter pour \u00eatre tenu au courant des mises \u00e0 jour.\" \/>\n<meta property=\"og:url\" content=\"https:\/\/espace-entreprise.mediamatique.ch\/arti-stick\/commande\/\" \/>\n<meta property=\"og:site_name\" content=\"Arti-Stick\" \/>\n<meta property=\"article:modified_time\" content=\"2025-11-25T08:43:29+00:00\" \/>\n<meta name=\"twitter:card\" content=\"summary_large_image\" \/>\n<meta name=\"twitter:label1\" content=\"Est. reading time\" \/>\n\t<meta name=\"twitter:data1\" content=\"2 minutes\" \/>\n<script type=\"application\/ld+json\" class=\"yoast-schema-graph\">{\"@context\":\"https:\/\/schema.org\",\"@graph\":[{\"@type\":\"WebPage\",\"@id\":\"https:\/\/espace-entreprise.mediamatique.ch\/arti-stick\/commande\/\",\"url\":\"https:\/\/espace-entreprise.mediamatique.ch\/arti-stick\/commande\/\",\"name\":\"COMMANDE - Arti-Stick\",\"isPartOf\":{\"@id\":\"https:\/\/espace-entreprise.mediamatique.ch\/arti-stick\/#website\"},\"datePublished\":\"2025-11-10T08:33:50+00:00\",\"dateModified\":\"2025-11-25T08:43:29+00:00\",\"breadcrumb\":{\"@id\":\"https:\/\/espace-entreprise.mediamatique.ch\/arti-stick\/commande\/#breadcrumb\"},\"inLanguage\":\"en-US\",\"potentialAction\":[{\"@type\":\"ReadAction\",\"target\":[\"https:\/\/espace-entreprise.mediamatique.ch\/arti-stick\/commande\/\"]}]},{\"@type\":\"BreadcrumbList\",\"@id\":\"https:\/\/espace-entreprise.mediamatique.ch\/arti-stick\/commande\/#breadcrumb\",\"itemListElement\":[{\"@type\":\"ListItem\",\"position\":1,\"name\":\"Home\",\"item\":\"https:\/\/espace-entreprise.mediamatique.ch\/arti-stick\/\"},{\"@type\":\"ListItem\",\"position\":2,\"name\":\"COMMANDE\"}]},{\"@type\":\"WebSite\",\"@id\":\"https:\/\/espace-entreprise.mediamatique.ch\/arti-stick\/#website\",\"url\":\"https:\/\/espace-entreprise.mediamatique.ch\/arti-stick\/\",\"name\":\"Arti-Stick\",\"description\":\"\",\"publisher\":{\"@id\":\"https:\/\/espace-entreprise.mediamatique.ch\/arti-stick\/#organization\"},\"potentialAction\":[{\"@type\":\"SearchAction\",\"target\":{\"@type\":\"EntryPoint\",\"urlTemplate\":\"https:\/\/espace-entreprise.mediamatique.ch\/arti-stick\/?s={search_term_string}\"},\"query-input\":{\"@type\":\"PropertyValueSpecification\",\"valueRequired\":true,\"valueName\":\"search_term_string\"}}],\"inLanguage\":\"en-US\"},{\"@type\":\"Organization\",\"@id\":\"https:\/\/espace-entreprise.mediamatique.ch\/arti-stick\/#organization\",\"name\":\"Arti-Stick\",\"url\":\"https:\/\/espace-entreprise.mediamatique.ch\/arti-stick\/\",\"logo\":{\"@type\":\"ImageObject\",\"inLanguage\":\"en-US\",\"@id\":\"https:\/\/espace-entreprise.mediamatique.ch\/arti-stick\/#\/schema\/logo\/image\/\",\"url\":\"https:\/\/espace-entreprise.mediamatique.ch\/arti-stick\/wp-content\/uploads\/2025\/10\/Arti-Sticks-LOGO-1.png\",\"contentUrl\":\"https:\/\/espace-entreprise.mediamatique.ch\/arti-stick\/wp-content\/uploads\/2025\/10\/Arti-Sticks-LOGO-1.png\",\"width\":625,\"height\":204,\"caption\":\"Arti-Stick\"},\"image\":{\"@id\":\"https:\/\/espace-entreprise.mediamatique.ch\/arti-stick\/#\/schema\/logo\/image\/\"},\"sameAs\":[\"https:\/\/www.instagram.com\/arti__stick\/\"]}]}<\/script>\n<!-- \/ Yoast SEO plugin. -->","yoast_head_json":{"title":"COMMANDE - Arti-Stick","robots":{"index":"index","follow":"follow","max-snippet":"max-snippet:-1","max-image-preview":"max-image-preview:large","max-video-preview":"max-video-preview:-1"},"canonical":"https:\/\/espace-entreprise.mediamatique.ch\/arti-stick\/commande\/","og_locale":"en_US","og_type":"article","og_title":"COMMANDE - Arti-Stick","og_description":"La page est toujours en maintenance ! Pendant la maintenance, il est impossible de passer des commandes ! Abonnez-vous \u00e0 notre newsletter pour \u00eatre tenu au courant des mises \u00e0 jour.","og_url":"https:\/\/espace-entreprise.mediamatique.ch\/arti-stick\/commande\/","og_site_name":"Arti-Stick","article_modified_time":"2025-11-25T08:43:29+00:00","twitter_card":"summary_large_image","twitter_misc":{"Est. reading time":"2 minutes"},"schema":{"@context":"https:\/\/schema.org","@graph":[{"@type":"WebPage","@id":"https:\/\/espace-entreprise.mediamatique.ch\/arti-stick\/commande\/","url":"https:\/\/espace-entreprise.mediamatique.ch\/arti-stick\/commande\/","name":"COMMANDE - Arti-Stick","isPartOf":{"@id":"https:\/\/espace-entreprise.mediamatique.ch\/arti-stick\/#website"},"datePublished":"2025-11-10T08:33:50+00:00","dateModified":"2025-11-25T08:43:29+00:00","breadcrumb":{"@id":"https:\/\/espace-entreprise.mediamatique.ch\/arti-stick\/commande\/#breadcrumb"},"inLanguage":"en-US","potentialAction":[{"@type":"ReadAction","target":["https:\/\/espace-entreprise.mediamatique.ch\/arti-stick\/commande\/"]}]},{"@type":"BreadcrumbList","@id":"https:\/\/espace-entreprise.mediamatique.ch\/arti-stick\/commande\/#breadcrumb","itemListElement":[{"@type":"ListItem","position":1,"name":"Home","item":"https:\/\/espace-entreprise.mediamatique.ch\/arti-stick\/"},{"@type":"ListItem","position":2,"name":"COMMANDE"}]},{"@type":"WebSite","@id":"https:\/\/espace-entreprise.mediamatique.ch\/arti-stick\/#website","url":"https:\/\/espace-entreprise.mediamatique.ch\/arti-stick\/","name":"Arti-Stick","description":"","publisher":{"@id":"https:\/\/espace-entreprise.mediamatique.ch\/arti-stick\/#organization"},"potentialAction":[{"@type":"SearchAction","target":{"@type":"EntryPoint","urlTemplate":"https:\/\/espace-entreprise.mediamatique.ch\/arti-stick\/?s={search_term_string}"},"query-input":{"@type":"PropertyValueSpecification","valueRequired":true,"valueName":"search_term_string"}}],"inLanguage":"en-US"},{"@type":"Organization","@id":"https:\/\/espace-entreprise.mediamatique.ch\/arti-stick\/#organization","name":"Arti-Stick","url":"https:\/\/espace-entreprise.mediamatique.ch\/arti-stick\/","logo":{"@type":"ImageObject","inLanguage":"en-US","@id":"https:\/\/espace-entreprise.mediamatique.ch\/arti-stick\/#\/schema\/logo\/image\/","url":"https:\/\/espace-entreprise.mediamatique.ch\/arti-stick\/wp-content\/uploads\/2025\/10\/Arti-Sticks-LOGO-1.png","contentUrl":"https:\/\/espace-entreprise.mediamatique.ch\/arti-stick\/wp-content\/uploads\/2025\/10\/Arti-Sticks-LOGO-1.png","width":625,"height":204,"caption":"Arti-Stick"},"image":{"@id":"https:\/\/espace-entreprise.mediamatique.ch\/arti-stick\/#\/schema\/logo\/image\/"},"sameAs":["https:\/\/www.instagram.com\/arti__stick\/"]}]}},"_links":{"self":[{"href":"https:\/\/espace-entreprise.mediamatique.ch\/arti-stick\/wp-json\/wp\/v2\/pages\/139","targetHints":{"allow":["GET"]}}],"collection":[{"href":"https:\/\/espace-entreprise.mediamatique.ch\/arti-stick\/wp-json\/wp\/v2\/pages"}],"about":[{"href":"https:\/\/espace-entreprise.mediamatique.ch\/arti-stick\/wp-json\/wp\/v2\/types\/page"}],"author":[{"embeddable":true,"href":"https:\/\/espace-entreprise.mediamatique.ch\/arti-stick\/wp-json\/wp\/v2\/users\/1"}],"replies":[{"embeddable":true,"href":"https:\/\/espace-entreprise.mediamatique.ch\/arti-stick\/wp-json\/wp\/v2\/comments?post=139"}],"version-history":[{"count":64,"href":"https:\/\/espace-entreprise.mediamatique.ch\/arti-stick\/wp-json\/wp\/v2\/pages\/139\/revisions"}],"predecessor-version":[{"id":850,"href":"https:\/\/espace-entreprise.mediamatique.ch\/arti-stick\/wp-json\/wp\/v2\/pages\/139\/revisions\/850"}],"wp:attachment":[{"href":"https:\/\/espace-entreprise.mediamatique.ch\/arti-stick\/wp-json\/wp\/v2\/media?parent=139"}],"curies":[{"name":"wp","href":"https:\/\/api.w.org\/{rel}","templated":true}]}}