{"id":134,"date":"2025-11-10T08:33:08","date_gmt":"2025-11-10T08:33:08","guid":{"rendered":"https:\/\/espace-entreprise.mediamatique.ch\/arti-stick\/?page_id=134"},"modified":"2025-11-27T12:41:58","modified_gmt":"2025-11-27T12:41:58","slug":"a-propos","status":"publish","type":"page","link":"https:\/\/espace-entreprise.mediamatique.ch\/arti-stick\/a-propos\/","title":{"rendered":"A PROPOS"},"content":{"rendered":"\t\t<div data-elementor-type=\"wp-page\" data-elementor-id=\"134\" class=\"elementor elementor-134\" data-elementor-post-type=\"page\">\n\t\t\t\t<div class=\"elementor-element elementor-element-4fbd55d e-flex e-con-boxed e-con e-parent\" data-id=\"4fbd55d\" data-element_type=\"container\" data-settings=\"{&quot;background_background&quot;:&quot;classic&quot;}\">\n\t\t\t\t\t<div class=\"e-con-inner\">\n\t\t\t\t<div class=\"elementor-element elementor-element-3412c00 elementor-widget elementor-widget-heading\" data-id=\"3412c00\" data-element_type=\"widget\" data-widget_type=\"heading.default\">\n\t\t\t\t\t<h2 class=\"elementor-heading-title elementor-size-default\">ARTI-STICK<\/h2>\t\t\t\t<\/div>\n\t\t\t\t\t<\/div>\n\t\t\t\t<\/div>\n\t\t<div class=\"elementor-element elementor-element-598e58e e-flex e-con-boxed e-con e-parent\" data-id=\"598e58e\" data-element_type=\"container\" data-settings=\"{&quot;background_background&quot;:&quot;classic&quot;,&quot;shape_divider_bottom&quot;:&quot;opacity-fan&quot;}\">\n\t\t\t\t\t<div class=\"e-con-inner\">\n\t\t\t\t<div class=\"elementor-shape elementor-shape-bottom\" aria-hidden=\"true\" data-negative=\"false\">\n\t\t\t<svg xmlns=\"http:\/\/www.w3.org\/2000\/svg\" viewBox=\"0 0 283.5 19.6\" preserveAspectRatio=\"none\">\n\t<path class=\"elementor-shape-fill\" style=\"opacity:0.33\" d=\"M0 0L0 18.8 141.8 4.1 283.5 18.8 283.5 0z\"\/>\n\t<path class=\"elementor-shape-fill\" style=\"opacity:0.33\" d=\"M0 0L0 12.6 141.8 4 283.5 12.6 283.5 0z\"\/>\n\t<path class=\"elementor-shape-fill\" style=\"opacity:0.33\" d=\"M0 0L0 6.4 141.8 4 283.5 6.4 283.5 0z\"\/>\n\t<path class=\"elementor-shape-fill\" d=\"M0 0L0 1.2 141.8 4 283.5 1.2 283.5 0z\"\/>\n<\/svg>\t\t<\/div>\n\t\t<div class=\"elementor-element elementor-element-aaa2332 e-con-full e-flex e-con e-child\" data-id=\"aaa2332\" data-element_type=\"container\">\n\t\t\t\t<div class=\"elementor-element elementor-element-72c31db elementor-widget elementor-widget-text-editor\" data-id=\"72c31db\" data-element_type=\"widget\" data-widget_type=\"text-editor.default\">\n\t\t\t\t\t\t\t\t\t<p>Venez faire connaissance avec l&#8217;\u00e9quipe Arti-Stick gr\u00e2ce \u00e0 cette vid\u00e9o de pr\u00e9sentation. Cinq \u00e9l\u00e8ves du CPNV, cr\u00e9atifs et passionn\u00e9s, se cachent derri\u00e8re chaque autocollant.<\/p>\t\t\t\t\t\t\t\t<\/div>\n\t\t\t\t<\/div>\n\t\t<div class=\"elementor-element elementor-element-7502a50 e-con-full e-flex e-con e-child\" data-id=\"7502a50\" data-element_type=\"container\">\n\t\t\t\t<div class=\"elementor-element elementor-element-2d6c16c elementor-widget__width-initial elementor-widget elementor-widget-video\" data-id=\"2d6c16c\" data-element_type=\"widget\" data-settings=\"{&quot;video_type&quot;:&quot;hosted&quot;,&quot;autoplay&quot;:&quot;yes&quot;,&quot;loop&quot;:&quot;yes&quot;,&quot;motion_fx_motion_fx_mouse&quot;:&quot;yes&quot;,&quot;motion_fx_mouseTrack_effect&quot;:&quot;yes&quot;,&quot;motion_fx_mouseTrack_direction&quot;:&quot;negative&quot;,&quot;motion_fx_mouseTrack_speed&quot;:{&quot;unit&quot;:&quot;px&quot;,&quot;size&quot;:0.3,&quot;sizes&quot;:[]},&quot;controls&quot;:&quot;yes&quot;}\" data-widget_type=\"video.default\">\n\t\t\t\t\t\t\t<div class=\"e-hosted-video elementor-wrapper elementor-open-inline\">\n\t\t\t\t\t<video class=\"elementor-video\" src=\"https:\/\/espace-entreprise.mediamatique.ch\/arti-stick\/wp-content\/uploads\/2025\/11\/arti-stick-v3.mp4\" autoplay=\"\" loop=\"\" controls=\"\" controlsList=\"nodownload\"><\/video>\n\t\t\t\t<\/div>\n\t\t\t\t\t\t<\/div>\n\t\t\t\t<\/div>\n\t\t\t\t\t<\/div>\n\t\t\t\t<\/div>\n\t\t<div class=\"elementor-element elementor-element-a15a6d3 e-flex e-con-boxed e-con e-parent\" data-id=\"a15a6d3\" data-element_type=\"container\">\n\t\t\t\t\t<div class=\"e-con-inner\">\n\t\t\t\t<div class=\"elementor-element elementor-element-4d478b5 elementor-absolute elementor-widget-mobile__width-inherit elementor-widget elementor-widget-image\" data-id=\"4d478b5\" data-element_type=\"widget\" data-settings=\"{&quot;_position&quot;:&quot;absolute&quot;,&quot;motion_fx_motion_fx_scrolling&quot;:&quot;yes&quot;,&quot;motion_fx_translateY_effect&quot;:&quot;yes&quot;,&quot;motion_fx_translateY_speed&quot;:{&quot;unit&quot;:&quot;px&quot;,&quot;size&quot;:2,&quot;sizes&quot;:[]},&quot;motion_fx_translateY_affectedRange&quot;:{&quot;unit&quot;:&quot;%&quot;,&quot;size&quot;:&quot;&quot;,&quot;sizes&quot;:{&quot;start&quot;:0,&quot;end&quot;:100}},&quot;motion_fx_devices&quot;:[&quot;desktop&quot;,&quot;tablet&quot;,&quot;mobile&quot;]}\" data-widget_type=\"image.default\">\n\t\t\t\t\t\t\t\t\t\t\t\t\t\t\t<img fetchpriority=\"high\" decoding=\"async\" width=\"1732\" height=\"945\" src=\"https:\/\/espace-entreprise.mediamatique.ch\/arti-stick\/wp-content\/uploads\/2025\/11\/fond-elements.png\" class=\"attachment-full size-full wp-image-155\" alt=\"\" srcset=\"https:\/\/espace-entreprise.mediamatique.ch\/arti-stick\/wp-content\/uploads\/2025\/11\/fond-elements.png 1732w, https:\/\/espace-entreprise.mediamatique.ch\/arti-stick\/wp-content\/uploads\/2025\/11\/fond-elements-300x164.png 300w, https:\/\/espace-entreprise.mediamatique.ch\/arti-stick\/wp-content\/uploads\/2025\/11\/fond-elements-1024x559.png 1024w, https:\/\/espace-entreprise.mediamatique.ch\/arti-stick\/wp-content\/uploads\/2025\/11\/fond-elements-768x419.png 768w, https:\/\/espace-entreprise.mediamatique.ch\/arti-stick\/wp-content\/uploads\/2025\/11\/fond-elements-1536x838.png 1536w\" sizes=\"(max-width: 1732px) 100vw, 1732px\" \/>\t\t\t\t\t\t\t\t\t\t\t\t\t\t\t<\/div>\n\t\t\t\t<div class=\"elementor-element elementor-element-afdccf5 elementor-absolute elementor-widget-mobile__width-inherit elementor-hidden-desktop elementor-widget elementor-widget-image\" data-id=\"afdccf5\" data-element_type=\"widget\" data-settings=\"{&quot;_position&quot;:&quot;absolute&quot;,&quot;motion_fx_motion_fx_scrolling&quot;:&quot;yes&quot;,&quot;motion_fx_translateY_effect&quot;:&quot;yes&quot;,&quot;motion_fx_translateY_speed&quot;:{&quot;unit&quot;:&quot;px&quot;,&quot;size&quot;:2,&quot;sizes&quot;:[]},&quot;motion_fx_translateY_affectedRange&quot;:{&quot;unit&quot;:&quot;%&quot;,&quot;size&quot;:&quot;&quot;,&quot;sizes&quot;:{&quot;start&quot;:0,&quot;end&quot;:100}},&quot;motion_fx_devices&quot;:[&quot;desktop&quot;,&quot;tablet&quot;,&quot;mobile&quot;]}\" data-widget_type=\"image.default\">\n\t\t\t\t\t\t\t\t\t\t\t\t\t\t\t<img fetchpriority=\"high\" decoding=\"async\" width=\"1732\" height=\"945\" src=\"https:\/\/espace-entreprise.mediamatique.ch\/arti-stick\/wp-content\/uploads\/2025\/11\/fond-elements.png\" class=\"attachment-full size-full wp-image-155\" alt=\"\" srcset=\"https:\/\/espace-entreprise.mediamatique.ch\/arti-stick\/wp-content\/uploads\/2025\/11\/fond-elements.png 1732w, https:\/\/espace-entreprise.mediamatique.ch\/arti-stick\/wp-content\/uploads\/2025\/11\/fond-elements-300x164.png 300w, https:\/\/espace-entreprise.mediamatique.ch\/arti-stick\/wp-content\/uploads\/2025\/11\/fond-elements-1024x559.png 1024w, https:\/\/espace-entreprise.mediamatique.ch\/arti-stick\/wp-content\/uploads\/2025\/11\/fond-elements-768x419.png 768w, https:\/\/espace-entreprise.mediamatique.ch\/arti-stick\/wp-content\/uploads\/2025\/11\/fond-elements-1536x838.png 1536w\" sizes=\"(max-width: 1732px) 100vw, 1732px\" \/>\t\t\t\t\t\t\t\t\t\t\t\t\t\t\t<\/div>\n\t\t\t\t<div class=\"elementor-element elementor-element-03705b5 elementor-absolute elementor-widget-mobile__width-inherit elementor-hidden-desktop elementor-widget elementor-widget-image\" data-id=\"03705b5\" data-element_type=\"widget\" data-settings=\"{&quot;_position&quot;:&quot;absolute&quot;,&quot;motion_fx_motion_fx_scrolling&quot;:&quot;yes&quot;,&quot;motion_fx_translateY_effect&quot;:&quot;yes&quot;,&quot;motion_fx_translateY_speed&quot;:{&quot;unit&quot;:&quot;px&quot;,&quot;size&quot;:2,&quot;sizes&quot;:[]},&quot;motion_fx_translateY_affectedRange&quot;:{&quot;unit&quot;:&quot;%&quot;,&quot;size&quot;:&quot;&quot;,&quot;sizes&quot;:{&quot;start&quot;:0,&quot;end&quot;:100}},&quot;motion_fx_devices&quot;:[&quot;desktop&quot;,&quot;tablet&quot;,&quot;mobile&quot;]}\" data-widget_type=\"image.default\">\n\t\t\t\t\t\t\t\t\t\t\t\t\t\t\t<img fetchpriority=\"high\" decoding=\"async\" width=\"1732\" height=\"945\" src=\"https:\/\/espace-entreprise.mediamatique.ch\/arti-stick\/wp-content\/uploads\/2025\/11\/fond-elements.png\" class=\"attachment-full size-full wp-image-155\" alt=\"\" srcset=\"https:\/\/espace-entreprise.mediamatique.ch\/arti-stick\/wp-content\/uploads\/2025\/11\/fond-elements.png 1732w, https:\/\/espace-entreprise.mediamatique.ch\/arti-stick\/wp-content\/uploads\/2025\/11\/fond-elements-300x164.png 300w, https:\/\/espace-entreprise.mediamatique.ch\/arti-stick\/wp-content\/uploads\/2025\/11\/fond-elements-1024x559.png 1024w, https:\/\/espace-entreprise.mediamatique.ch\/arti-stick\/wp-content\/uploads\/2025\/11\/fond-elements-768x419.png 768w, https:\/\/espace-entreprise.mediamatique.ch\/arti-stick\/wp-content\/uploads\/2025\/11\/fond-elements-1536x838.png 1536w\" sizes=\"(max-width: 1732px) 100vw, 1732px\" \/>\t\t\t\t\t\t\t\t\t\t\t\t\t\t\t<\/div>\n\t\t\t\t\t<\/div>\n\t\t\t\t<\/div>\n\t\t<div class=\"elementor-element elementor-element-d3fa682 e-flex e-con-boxed e-con e-parent\" data-id=\"d3fa682\" data-element_type=\"container\">\n\t\t\t\t\t<div class=\"e-con-inner\">\n\t\t\t\t<div class=\"elementor-element elementor-element-999ccb4 elementor-widget elementor-widget-heading\" data-id=\"999ccb4\" data-element_type=\"widget\" data-widget_type=\"heading.default\">\n\t\t\t\t\t<h2 class=\"elementor-heading-title elementor-size-default\">Notre Equipe<\/h2>\t\t\t\t<\/div>\n\t\t\t\t<div class=\"elementor-element elementor-element-47bfcb6 elementor--h-position-center elementor--v-position-middle elementor-arrows-position-inside elementor-pagination-position-inside elementor-widget elementor-widget-slides\" data-id=\"47bfcb6\" data-element_type=\"widget\" data-settings=\"{&quot;navigation&quot;:&quot;both&quot;,&quot;autoplay&quot;:&quot;yes&quot;,&quot;pause_on_hover&quot;:&quot;yes&quot;,&quot;pause_on_interaction&quot;:&quot;yes&quot;,&quot;autoplay_speed&quot;:5000,&quot;infinite&quot;:&quot;yes&quot;,&quot;transition&quot;:&quot;slide&quot;,&quot;transition_speed&quot;:500}\" data-widget_type=\"slides.default\">\n\t\t\t\t\t\t\t\t\t\t<div class=\"elementor-slides-wrapper elementor-main-swiper swiper\" role=\"region\" aria-roledescription=\"carousel\" aria-label=\"Slides\" dir=\"ltr\" data-animation=\"fadeInUp\">\n\t\t\t\t<div class=\"swiper-wrapper elementor-slides\">\n\t\t\t\t\t\t\t\t\t\t<div class=\"elementor-repeater-item-7d81e1f swiper-slide\" role=\"group\" aria-roledescription=\"slide\"><div class=\"swiper-slide-bg elementor-ken-burns elementor-ken-burns--in\" role=\"img\" aria-label=\"Image (5)\"><\/div><div class=\"elementor-background-overlay\"><\/div><div class=\"swiper-slide-inner\" ><div class=\"swiper-slide-contents\"><div class=\"elementor-slide-heading\">Yasmina Marsiglia<\/div><div class=\"elementor-slide-description\">Chef de Projet, Responsable Design<\/div><\/div><\/div><\/div><div class=\"elementor-repeater-item-ff918d8 swiper-slide\" role=\"group\" aria-roledescription=\"slide\"><div class=\"swiper-slide-bg elementor-ken-burns elementor-ken-burns--in\" role=\"img\" aria-label=\"Image (5) copy\"><\/div><div class=\"elementor-background-overlay\"><\/div><div class=\"swiper-slide-inner\" ><div class=\"swiper-slide-contents\"><div class=\"elementor-slide-heading\">Bohdan Hubariev<\/div><div class=\"elementor-slide-description\">Web Master, Responsable Finance<\/div><\/div><\/div><\/div><div class=\"elementor-repeater-item-f21e22e swiper-slide\" role=\"group\" aria-roledescription=\"slide\"><div class=\"swiper-slide-bg elementor-ken-burns elementor-ken-burns--in\" role=\"img\" aria-label=\"elena\"><\/div><div class=\"elementor-background-overlay\"><\/div><div class=\"swiper-slide-inner\" ><div class=\"swiper-slide-contents\"><div class=\"elementor-slide-heading\">Elena Oppliger<\/div><div class=\"elementor-slide-description\">Responsable Marketing, Responsable Gestion de R\u00e9seaux Sociaux<\/div><\/div><\/div><\/div><div class=\"elementor-repeater-item-b3a67f5 swiper-slide\" role=\"group\" aria-roledescription=\"slide\"><div class=\"swiper-slide-bg elementor-ken-burns elementor-ken-burns--in\" role=\"img\" aria-label=\"Johani\"><\/div><div class=\"elementor-background-overlay\"><\/div><div class=\"swiper-slide-inner\" ><div class=\"swiper-slide-contents\"><div class=\"elementor-slide-heading\">Johani Kazadi<\/div><div class=\"elementor-slide-description\">Responsable Design, Responsable Marketing<\/div><\/div><\/div><\/div><div class=\"elementor-repeater-item-eede3c8 swiper-slide\" role=\"group\" aria-roledescription=\"slide\"><div class=\"swiper-slide-bg elementor-ken-burns elementor-ken-burns--in\" role=\"img\" aria-label=\"nathan\"><\/div><div class=\"elementor-background-overlay\"><\/div><div class=\"swiper-slide-inner\" ><div class=\"swiper-slide-contents\"><div class=\"elementor-slide-heading\">Nathan Gomez<\/div><div class=\"elementor-slide-description\">Responsable Communication, Responsable M\u00e9dia<\/div><\/div><\/div><\/div>\t\t\t\t<\/div>\n\t\t\t\t\t\t\t\t\t\t\t\t\t\t\t<div class=\"elementor-swiper-button elementor-swiper-button-prev\" role=\"button\" tabindex=\"0\" aria-label=\"Previous slide\">\n\t\t\t\t\t\t\t<svg aria-hidden=\"true\" class=\"e-font-icon-svg e-eicon-chevron-left\" viewBox=\"0 0 1000 1000\" xmlns=\"http:\/\/www.w3.org\/2000\/svg\"><path d=\"M646 125C629 125 613 133 604 142L308 442C296 454 292 471 292 487 292 504 296 521 308 533L604 854C617 867 629 875 646 875 663 875 679 871 692 858 704 846 713 829 713 812 713 796 708 779 692 767L438 487 692 225C700 217 708 204 708 187 708 171 704 154 692 142 675 129 663 125 646 125Z\"><\/path><\/svg>\t\t\t\t\t\t<\/div>\n\t\t\t\t\t\t<div class=\"elementor-swiper-button elementor-swiper-button-next\" role=\"button\" tabindex=\"0\" aria-label=\"Next slide\">\n\t\t\t\t\t\t\t<svg aria-hidden=\"true\" class=\"e-font-icon-svg e-eicon-chevron-right\" viewBox=\"0 0 1000 1000\" xmlns=\"http:\/\/www.w3.org\/2000\/svg\"><path d=\"M696 533C708 521 713 504 713 487 713 471 708 454 696 446L400 146C388 133 375 125 354 125 338 125 325 129 313 142 300 154 292 171 292 187 292 204 296 221 308 233L563 492 304 771C292 783 288 800 288 817 288 833 296 850 308 863 321 871 338 875 354 875 371 875 388 867 400 854L696 533Z\"><\/path><\/svg>\t\t\t\t\t\t<\/div>\n\t\t\t\t\t\t\t\t\t\t\t\t\t\t\t\t<div class=\"swiper-pagination\"><\/div>\n\t\t\t\t\t\t\t\t\t\t\t\t<\/div>\n\t\t\t\t\t\t\t\t<\/div>\n\t\t\t\t\t<\/div>\n\t\t\t\t<\/div>\n\t\t\t\t<\/div>\n\t\t","protected":false},"excerpt":{"rendered":"<p>ARTI-STICK Venez faire connaissance avec l&#8217;\u00e9quipe Arti-Stick gr\u00e2ce \u00e0 cette vid\u00e9o de pr\u00e9sentation. Cinq \u00e9l\u00e8ves du CPNV, cr\u00e9atifs et passionn\u00e9s, se cachent derri\u00e8re chaque autocollant. https:\/\/espace-entreprise.mediamatique.ch\/arti-stick\/wp-content\/uploads\/2025\/11\/arti-stick-v3.mp4 Notre Equipe Yasmina MarsigliaChef de Projet, Responsable DesignBohdan HubarievWeb Master, Responsable FinanceElena OppligerResponsable Marketing, Responsable Gestion de R\u00e9seaux SociauxJohani KazadiResponsable Design, Responsable MarketingNathan GomezResponsable Communication, Responsable M\u00e9dia<\/p>\n","protected":false},"author":1,"featured_media":0,"parent":0,"menu_order":0,"comment_status":"closed","ping_status":"closed","template":"","meta":{"footnotes":""},"class_list":["post-134","page","type-page","status-publish","hentry"],"yoast_head":"<!-- This site is optimized with the Yoast SEO plugin v26.2 - https:\/\/yoast.com\/wordpress\/plugins\/seo\/ -->\n<title>A PROPOS - Arti-Stick<\/title>\n<meta name=\"robots\" content=\"index, follow, max-snippet:-1, max-image-preview:large, max-video-preview:-1\" \/>\n<link rel=\"canonical\" href=\"https:\/\/espace-entreprise.mediamatique.ch\/arti-stick\/a-propos\/\" \/>\n<meta property=\"og:locale\" content=\"en_US\" \/>\n<meta property=\"og:type\" content=\"article\" \/>\n<meta property=\"og:title\" content=\"A PROPOS - Arti-Stick\" \/>\n<meta property=\"og:description\" content=\"ARTI-STICK Venez faire connaissance avec l&#8217;\u00e9quipe Arti-Stick gr\u00e2ce \u00e0 cette vid\u00e9o de pr\u00e9sentation. Cinq \u00e9l\u00e8ves du CPNV, cr\u00e9atifs et passionn\u00e9s, se cachent derri\u00e8re chaque autocollant. https:\/\/espace-entreprise.mediamatique.ch\/arti-stick\/wp-content\/uploads\/2025\/11\/arti-stick-v3.mp4 Notre Equipe Yasmina MarsigliaChef de Projet, Responsable DesignBohdan HubarievWeb Master, Responsable FinanceElena OppligerResponsable Marketing, Responsable Gestion de R\u00e9seaux SociauxJohani KazadiResponsable Design, Responsable MarketingNathan GomezResponsable Communication, Responsable M\u00e9dia\" \/>\n<meta property=\"og:url\" content=\"https:\/\/espace-entreprise.mediamatique.ch\/arti-stick\/a-propos\/\" \/>\n<meta property=\"og:site_name\" content=\"Arti-Stick\" \/>\n<meta property=\"article:modified_time\" content=\"2025-11-27T12:41:58+00:00\" \/>\n<meta property=\"og:image\" content=\"https:\/\/espace-entreprise.mediamatique.ch\/arti-stick\/wp-content\/uploads\/2025\/11\/fond-elements.png\" \/>\n\t<meta property=\"og:image:width\" content=\"1732\" \/>\n\t<meta property=\"og:image:height\" content=\"945\" \/>\n\t<meta property=\"og:image:type\" content=\"image\/png\" \/>\n<meta name=\"twitter:card\" content=\"summary_large_image\" \/>\n<meta name=\"twitter:label1\" content=\"Est. reading time\" \/>\n\t<meta name=\"twitter:data1\" content=\"1 minute\" \/>\n<script type=\"application\/ld+json\" class=\"yoast-schema-graph\">{\"@context\":\"https:\/\/schema.org\",\"@graph\":[{\"@type\":\"WebPage\",\"@id\":\"https:\/\/espace-entreprise.mediamatique.ch\/arti-stick\/a-propos\/\",\"url\":\"https:\/\/espace-entreprise.mediamatique.ch\/arti-stick\/a-propos\/\",\"name\":\"A PROPOS - Arti-Stick\",\"isPartOf\":{\"@id\":\"https:\/\/espace-entreprise.mediamatique.ch\/arti-stick\/#website\"},\"primaryImageOfPage\":{\"@id\":\"https:\/\/espace-entreprise.mediamatique.ch\/arti-stick\/a-propos\/#primaryimage\"},\"image\":{\"@id\":\"https:\/\/espace-entreprise.mediamatique.ch\/arti-stick\/a-propos\/#primaryimage\"},\"thumbnailUrl\":\"https:\/\/espace-entreprise.mediamatique.ch\/arti-stick\/wp-content\/uploads\/2025\/11\/fond-elements.png\",\"datePublished\":\"2025-11-10T08:33:08+00:00\",\"dateModified\":\"2025-11-27T12:41:58+00:00\",\"breadcrumb\":{\"@id\":\"https:\/\/espace-entreprise.mediamatique.ch\/arti-stick\/a-propos\/#breadcrumb\"},\"inLanguage\":\"en-US\",\"potentialAction\":[{\"@type\":\"ReadAction\",\"target\":[\"https:\/\/espace-entreprise.mediamatique.ch\/arti-stick\/a-propos\/\"]}]},{\"@type\":\"ImageObject\",\"inLanguage\":\"en-US\",\"@id\":\"https:\/\/espace-entreprise.mediamatique.ch\/arti-stick\/a-propos\/#primaryimage\",\"url\":\"https:\/\/espace-entreprise.mediamatique.ch\/arti-stick\/wp-content\/uploads\/2025\/11\/fond-elements.png\",\"contentUrl\":\"https:\/\/espace-entreprise.mediamatique.ch\/arti-stick\/wp-content\/uploads\/2025\/11\/fond-elements.png\",\"width\":1732,\"height\":945},{\"@type\":\"BreadcrumbList\",\"@id\":\"https:\/\/espace-entreprise.mediamatique.ch\/arti-stick\/a-propos\/#breadcrumb\",\"itemListElement\":[{\"@type\":\"ListItem\",\"position\":1,\"name\":\"Home\",\"item\":\"https:\/\/espace-entreprise.mediamatique.ch\/arti-stick\/\"},{\"@type\":\"ListItem\",\"position\":2,\"name\":\"A PROPOS\"}]},{\"@type\":\"WebSite\",\"@id\":\"https:\/\/espace-entreprise.mediamatique.ch\/arti-stick\/#website\",\"url\":\"https:\/\/espace-entreprise.mediamatique.ch\/arti-stick\/\",\"name\":\"Arti-Stick\",\"description\":\"\",\"publisher\":{\"@id\":\"https:\/\/espace-entreprise.mediamatique.ch\/arti-stick\/#organization\"},\"potentialAction\":[{\"@type\":\"SearchAction\",\"target\":{\"@type\":\"EntryPoint\",\"urlTemplate\":\"https:\/\/espace-entreprise.mediamatique.ch\/arti-stick\/?s={search_term_string}\"},\"query-input\":{\"@type\":\"PropertyValueSpecification\",\"valueRequired\":true,\"valueName\":\"search_term_string\"}}],\"inLanguage\":\"en-US\"},{\"@type\":\"Organization\",\"@id\":\"https:\/\/espace-entreprise.mediamatique.ch\/arti-stick\/#organization\",\"name\":\"Arti-Stick\",\"url\":\"https:\/\/espace-entreprise.mediamatique.ch\/arti-stick\/\",\"logo\":{\"@type\":\"ImageObject\",\"inLanguage\":\"en-US\",\"@id\":\"https:\/\/espace-entreprise.mediamatique.ch\/arti-stick\/#\/schema\/logo\/image\/\",\"url\":\"https:\/\/espace-entreprise.mediamatique.ch\/arti-stick\/wp-content\/uploads\/2025\/10\/Arti-Sticks-LOGO-1.png\",\"contentUrl\":\"https:\/\/espace-entreprise.mediamatique.ch\/arti-stick\/wp-content\/uploads\/2025\/10\/Arti-Sticks-LOGO-1.png\",\"width\":625,\"height\":204,\"caption\":\"Arti-Stick\"},\"image\":{\"@id\":\"https:\/\/espace-entreprise.mediamatique.ch\/arti-stick\/#\/schema\/logo\/image\/\"},\"sameAs\":[\"https:\/\/www.instagram.com\/arti__stick\/\"]}]}<\/script>\n<!-- \/ Yoast SEO plugin. -->","yoast_head_json":{"title":"A PROPOS - Arti-Stick","robots":{"index":"index","follow":"follow","max-snippet":"max-snippet:-1","max-image-preview":"max-image-preview:large","max-video-preview":"max-video-preview:-1"},"canonical":"https:\/\/espace-entreprise.mediamatique.ch\/arti-stick\/a-propos\/","og_locale":"en_US","og_type":"article","og_title":"A PROPOS - Arti-Stick","og_description":"ARTI-STICK Venez faire connaissance avec l&#8217;\u00e9quipe Arti-Stick gr\u00e2ce \u00e0 cette vid\u00e9o de pr\u00e9sentation. Cinq \u00e9l\u00e8ves du CPNV, cr\u00e9atifs et passionn\u00e9s, se cachent derri\u00e8re chaque autocollant. https:\/\/espace-entreprise.mediamatique.ch\/arti-stick\/wp-content\/uploads\/2025\/11\/arti-stick-v3.mp4 Notre Equipe Yasmina MarsigliaChef de Projet, Responsable DesignBohdan HubarievWeb Master, Responsable FinanceElena OppligerResponsable Marketing, Responsable Gestion de R\u00e9seaux SociauxJohani KazadiResponsable Design, Responsable MarketingNathan GomezResponsable Communication, Responsable M\u00e9dia","og_url":"https:\/\/espace-entreprise.mediamatique.ch\/arti-stick\/a-propos\/","og_site_name":"Arti-Stick","article_modified_time":"2025-11-27T12:41:58+00:00","og_image":[{"width":1732,"height":945,"url":"https:\/\/espace-entreprise.mediamatique.ch\/arti-stick\/wp-content\/uploads\/2025\/11\/fond-elements.png","type":"image\/png"}],"twitter_card":"summary_large_image","twitter_misc":{"Est. reading time":"1 minute"},"schema":{"@context":"https:\/\/schema.org","@graph":[{"@type":"WebPage","@id":"https:\/\/espace-entreprise.mediamatique.ch\/arti-stick\/a-propos\/","url":"https:\/\/espace-entreprise.mediamatique.ch\/arti-stick\/a-propos\/","name":"A PROPOS - Arti-Stick","isPartOf":{"@id":"https:\/\/espace-entreprise.mediamatique.ch\/arti-stick\/#website"},"primaryImageOfPage":{"@id":"https:\/\/espace-entreprise.mediamatique.ch\/arti-stick\/a-propos\/#primaryimage"},"image":{"@id":"https:\/\/espace-entreprise.mediamatique.ch\/arti-stick\/a-propos\/#primaryimage"},"thumbnailUrl":"https:\/\/espace-entreprise.mediamatique.ch\/arti-stick\/wp-content\/uploads\/2025\/11\/fond-elements.png","datePublished":"2025-11-10T08:33:08+00:00","dateModified":"2025-11-27T12:41:58+00:00","breadcrumb":{"@id":"https:\/\/espace-entreprise.mediamatique.ch\/arti-stick\/a-propos\/#breadcrumb"},"inLanguage":"en-US","potentialAction":[{"@type":"ReadAction","target":["https:\/\/espace-entreprise.mediamatique.ch\/arti-stick\/a-propos\/"]}]},{"@type":"ImageObject","inLanguage":"en-US","@id":"https:\/\/espace-entreprise.mediamatique.ch\/arti-stick\/a-propos\/#primaryimage","url":"https:\/\/espace-entreprise.mediamatique.ch\/arti-stick\/wp-content\/uploads\/2025\/11\/fond-elements.png","contentUrl":"https:\/\/espace-entreprise.mediamatique.ch\/arti-stick\/wp-content\/uploads\/2025\/11\/fond-elements.png","width":1732,"height":945},{"@type":"BreadcrumbList","@id":"https:\/\/espace-entreprise.mediamatique.ch\/arti-stick\/a-propos\/#breadcrumb","itemListElement":[{"@type":"ListItem","position":1,"name":"Home","item":"https:\/\/espace-entreprise.mediamatique.ch\/arti-stick\/"},{"@type":"ListItem","position":2,"name":"A PROPOS"}]},{"@type":"WebSite","@id":"https:\/\/espace-entreprise.mediamatique.ch\/arti-stick\/#website","url":"https:\/\/espace-entreprise.mediamatique.ch\/arti-stick\/","name":"Arti-Stick","description":"","publisher":{"@id":"https:\/\/espace-entreprise.mediamatique.ch\/arti-stick\/#organization"},"potentialAction":[{"@type":"SearchAction","target":{"@type":"EntryPoint","urlTemplate":"https:\/\/espace-entreprise.mediamatique.ch\/arti-stick\/?s={search_term_string}"},"query-input":{"@type":"PropertyValueSpecification","valueRequired":true,"valueName":"search_term_string"}}],"inLanguage":"en-US"},{"@type":"Organization","@id":"https:\/\/espace-entreprise.mediamatique.ch\/arti-stick\/#organization","name":"Arti-Stick","url":"https:\/\/espace-entreprise.mediamatique.ch\/arti-stick\/","logo":{"@type":"ImageObject","inLanguage":"en-US","@id":"https:\/\/espace-entreprise.mediamatique.ch\/arti-stick\/#\/schema\/logo\/image\/","url":"https:\/\/espace-entreprise.mediamatique.ch\/arti-stick\/wp-content\/uploads\/2025\/10\/Arti-Sticks-LOGO-1.png","contentUrl":"https:\/\/espace-entreprise.mediamatique.ch\/arti-stick\/wp-content\/uploads\/2025\/10\/Arti-Sticks-LOGO-1.png","width":625,"height":204,"caption":"Arti-Stick"},"image":{"@id":"https:\/\/espace-entreprise.mediamatique.ch\/arti-stick\/#\/schema\/logo\/image\/"},"sameAs":["https:\/\/www.instagram.com\/arti__stick\/"]}]}},"_links":{"self":[{"href":"https:\/\/espace-entreprise.mediamatique.ch\/arti-stick\/wp-json\/wp\/v2\/pages\/134","targetHints":{"allow":["GET"]}}],"collection":[{"href":"https:\/\/espace-entreprise.mediamatique.ch\/arti-stick\/wp-json\/wp\/v2\/pages"}],"about":[{"href":"https:\/\/espace-entreprise.mediamatique.ch\/arti-stick\/wp-json\/wp\/v2\/types\/page"}],"author":[{"embeddable":true,"href":"https:\/\/espace-entreprise.mediamatique.ch\/arti-stick\/wp-json\/wp\/v2\/users\/1"}],"replies":[{"embeddable":true,"href":"https:\/\/espace-entreprise.mediamatique.ch\/arti-stick\/wp-json\/wp\/v2\/comments?post=134"}],"version-history":[{"count":28,"href":"https:\/\/espace-entreprise.mediamatique.ch\/arti-stick\/wp-json\/wp\/v2\/pages\/134\/revisions"}],"predecessor-version":[{"id":887,"href":"https:\/\/espace-entreprise.mediamatique.ch\/arti-stick\/wp-json\/wp\/v2\/pages\/134\/revisions\/887"}],"wp:attachment":[{"href":"https:\/\/espace-entreprise.mediamatique.ch\/arti-stick\/wp-json\/wp\/v2\/media?parent=134"}],"curies":[{"name":"wp","href":"https:\/\/api.w.org\/{rel}","templated":true}]}}